{"id":39,"date":"2010-05-17T02:14:46","date_gmt":"2010-05-17T02:14:46","guid":{"rendered":"http:\/\/www.sociedadcirugiaplasticaperu.com\/rinoplastia\/?page_id=39"},"modified":"2010-11-28T16:57:41","modified_gmt":"2010-11-28T16:57:41","slug":"como-es-el-procedimiento-de-rinoplastia","status":"publish","type":"page","link":"https:\/\/www.sociedadcirugiaplasticaperu.com\/rinoplastia\/como-es-el-procedimiento-de-rinoplastia.htm","title":{"rendered":"\u00bfC\u00f3mo es el procedimiento de Rinoplastia?"},"content":{"rendered":"<p>Rinoplastia o cirug\u00eda de nariz, es el segundo procedimiento quir\u00fargico cosm\u00e9tico m\u00e1s popular en el mundo, seg\u00fan la sociedad americana de cirujanos pl\u00e1sticos. La <a href=\"http:\/\/www.sociedadcirugiaplasticaperu.com\/rinoplastia\/\">rinoplastia<\/a> cambia la forma de la nariz para prop\u00f3sitos tanto est\u00e9ticos como correctivos. La rinoplastia puede ampliar o reducir la nariz, as\u00ed como cambiar la forma de la punta de la nariz y del puente. Aproximadamente el 15 por ciento de las rinoplastias requieren revisiones posteriores por una u otra raz\u00f3n. Para la mayor\u00eda de las personas, la revisi\u00f3n de la rinoplastia est\u00e1 relacionada con un problema cosm\u00e9tico espec\u00edfico, como una punta torcida o un problema funcional como dificultad para respirar. <\/p>\n<h2>Evaluando la Nariz para una Rinoplastia<\/h2>\n<p>Una evaluaci\u00f3n con un cirujano es el primer paso en su decisi\u00f3n de someterse a una rinoplastia. Durante esta reuni\u00f3n, el cirujano elegido tomar\u00e1 fotograf\u00edas de su nariz en diferentes \u00e1ngulos. \u00c9l o ella tambi\u00e9n hablar\u00e1 con usted acerca de sus expectativas para asegurarse que son expectativas realistas.<\/p>\n<p>Puede ser una buena idea llevar fotograf\u00edas de narices que le gusten, esto ayudara en su conversaci\u00f3n sobre las expectativas, as\u00ed como dar al cirujano una mejor idea de lo que desea de la rinoplastia. Adem\u00e1s, su cirujano puede mostrar fotos de otros pacientes, que se realizaron la rinoplastia, con formas de nariz similares, lo que puede ayudar a que entienda  mejor los posibles resultados. Simulaciones hechas en computadora pueden utilizarse para mostrar el aspecto que tendr\u00e1 su nariz despu\u00e9s de rinoplastia.<\/p>\n<p>Si se va a someter a una rinoplastia, es posible que tambi\u00e9n deba considerar otros procedimientos faciales para lograr el equilibrio y la proporci\u00f3n. Por ejemplo en varios casos, el aumento del ment\u00f3n se realiza junto con la rinoplastia.<\/p>\n<h2>El procedimiento de la Rinoplastia<\/h2>\n<p>La mayor\u00eda de las rinoplastias se realizan en forma ambulatoria en un hospital o cl\u00ednica que cuente con una sala quir\u00fargica. Exactamente cu\u00e1nto tiempo dura el procedimiento depende del tipo de rinoplastia que se lleva a cabo. Por ejemplo, una rinoplastia primaria (sea abierta o cerrada) normalmente requiere entre una a tres horas de cirug\u00eda, mientras que una rinoplastia secundaria puede tomar m\u00e1s tiempo. Una rinoplastia de relleno puede tomar s\u00f3lo 15 minutos.<\/p>\n<ul>\n<li><strong>Anestesia:<\/strong> Su cirujano probablemente le recomendar\u00e1 la anestesia local y con alg\u00fan tipo de sedaci\u00f3n o anestesia general para si se trata de una rinoplastia primaria. Una rinoplastia secundaria a menudo implica anestesia general debido a la complejidad del procedimiento. Una rinoplastia de relleno requiere anestesia local \u00fanicamente.<\/li>\n<p><\/p>\n<li><strong>La Incisi\u00f3n:<\/strong> Durante la cirug\u00eda de nariz, las incisiones se realizan dependiendo el tipo de procedimiento, en un procedimiento cerrado se ocultan las incisiones dentro de la nariz. En un procedimiento abierto se hace una incisi\u00f3n a trav\u00e9s de la Columela. Luego el cirujano levanta los tejidos blandos que cubren la nariz a trav\u00e9s de estas incisiones. Esto le proporciona acceso para reformar la estructura de la nariz.<\/li>\n<p><\/p>\n<li><strong>Arreglando la nariz:<\/strong> El cirujano puede reducir o aumentar las estructuras nasales con cart\u00edlago tomado de otras \u00e1reas del cuerpo. Estos pedazos de cart\u00edlago pueden venir desde el tabique o, en ocasiones, desde el o\u00eddo o cart\u00edlago de la costilla. Si el tabique esta desviado, una vez arreglada, la nariz debe verse estirada y las proyecciones dentro de la nariz reducidas para mejorar la respiraci\u00f3n.<\/li>\n<p><\/p>\n<li><strong>Cerrando la incisi\u00f3n: <\/strong>Una vez se esculpi\u00f3 la estructura subyacente de la nariz, la piel nasal y el tejido se vuelven a colocar en su lugar y se cierran las incisiones.<\/li>\n<\/ul>\n<h2>Consultar con un Cirujano Plastico Calificado<\/h2>\n<p>La rinoplastia en Peru como en cualquier parte, requiere la pericia de un cirujano con experiencia y acreditaciones. La cirug\u00eda pl\u00e1stica es un procedimiento costoso, ya que la mayor\u00eda de los procedimientos no est\u00e1n cubiertos por el seguro m\u00e9dico. Por lo tanto, uno quisiera tener la confianza que los resultados sean positivos y que estos duraran de por vida.<\/p>\n<p>Si la rinoplastia o cirugia de nariz se hace correctamente puede tener un efecto profundo en la autoestima. Para asegurar los mejores resultados, aseg\u00farese de consultar con un cirujano plastico altamente calificado y de confianza.<\/p>\n","protected":false},"excerpt":{"rendered":"<p>Rinoplastia o cirug\u00eda de nariz, es el segundo procedimiento quir\u00fargico cosm\u00e9tico m\u00e1s popular en el mundo, seg\u00fan la sociedad americana de cirujanos pl\u00e1sticos. La rinoplastia cambia la forma de la nariz para prop\u00f3sitos tanto est\u00e9ticos como correctivos. La rinoplastia puede&hellip;<\/p>\n<p class=\"more-link-p\"><a class=\"more-link\" href=\"https:\/\/www.sociedadcirugiaplasticaperu.com\/rinoplastia\/como-es-el-procedimiento-de-rinoplastia.htm\">Read more &rarr;<\/a><\/p>\n","protected":false},"author":2,"featured_media":0,"parent":0,"menu_order":3,"comment_status":"closed","ping_status":"open","template":"","meta":{"footnotes":""},"class_list":["post-39","page","type-page","status-publish","hentry"],"_links":{"self":[{"href":"https:\/\/www.sociedadcirugiaplasticaperu.com\/rinoplastia\/wp-json\/wp\/v2\/pages\/39","targetHints":{"allow":["GET"]}}],"collection":[{"href":"https:\/\/www.sociedadcirugiaplasticaperu.com\/rinoplastia\/wp-json\/wp\/v2\/pages"}],"about":[{"href":"https:\/\/www.sociedadcirugiaplasticaperu.com\/rinoplastia\/wp-json\/wp\/v2\/types\/page"}],"author":[{"embeddable":true,"href":"https:\/\/www.sociedadcirugiaplasticaperu.com\/rinoplastia\/wp-json\/wp\/v2\/users\/2"}],"replies":[{"embeddable":true,"href":"https:\/\/www.sociedadcirugiaplasticaperu.com\/rinoplastia\/wp-json\/wp\/v2\/comments?post=39"}],"version-history":[{"count":6,"href":"https:\/\/www.sociedadcirugiaplasticaperu.com\/rinoplastia\/wp-json\/wp\/v2\/pages\/39\/revisions"}],"predecessor-version":[{"id":108,"href":"https:\/\/www.sociedadcirugiaplasticaperu.com\/rinoplastia\/wp-json\/wp\/v2\/pages\/39\/revisions\/108"}],"wp:attachment":[{"href":"https:\/\/www.sociedadcirugiaplasticaperu.com\/rinoplastia\/wp-json\/wp\/v2\/media?parent=39"}],"curies":[{"name":"wp","href":"https:\/\/api.w.org\/{rel}","templated":true}]}}