{"id":34,"date":"2010-05-17T00:36:28","date_gmt":"2010-05-17T00:36:28","guid":{"rendered":"http:\/\/www.sociedadcirugiaplasticaperu.com\/rinoplastia\/?page_id=34"},"modified":"2010-05-17T02:14:57","modified_gmt":"2010-05-17T02:14:57","slug":"buen-candidato-para-la-rinoplastia","status":"publish","type":"page","link":"https:\/\/www.sociedadcirugiaplasticaperu.com\/rinoplastia\/buen-candidato-para-la-rinoplastia.htm","title":{"rendered":"\u00bfEres un buen candidato para la rinoplastia?"},"content":{"rendered":"<p>El desarrollo de la <a href=\"http:\/\/www.sociedadcirugiaplasticaperu.com\/rinoplastia\/\">rinoplastia<\/a> o cirug\u00eda de nariz se produjo principalmente como una t\u00e9cnica de cirug\u00eda pl\u00e1stica para restaurar, a una forma proporcional, la nariz, o para corregir problemas de respiraci\u00f3n obstruida,  sea debido a una lesi\u00f3n o a un defecto de nacimiento. Adem\u00e1s de estos procedimientos correctivos, cirujanos utilizan ahora cirug\u00eda pl\u00e1stica est\u00e9tica para realizar cambios sutiles en la forma y tama\u00f1o de la nariz. Incluso hay una subespecialidad que se ocupa de la rinoplastia \u00e9tnica.<\/p>\n<h2>Mejores Candidatos para una Rinoplastia<\/h2>\n<p>Usted puede ser un buen candidato para una rinoplastia si la nariz con la que naci\u00f3 hace que no se sienta a gusto o se sienta infeliz. Otros candidatos pueden ser aquellos que son infelices con la forma que su nariz tiene al envejecer. Incluso ligeros cambios a la forma de la nariz pueden tener un efecto dram\u00e1tico sobre la apariencia y pueden cambiar c\u00f3mo la gente interact\u00faa con usted. La cirug\u00eda pl\u00e1stica puede remodelar deformidades, mejorar los cambios del envejecimiento y otras causas. Adem\u00e1s de restablecer el equilibrio entre su nariz y su cara.<\/p>\n<p>Las expectativas son un elemento importante en lo que hace un buen candidato. Los mejores candidatos de rinoplastia o cirug\u00eda de la nariz simplemente desean mejorar el aspecto de la nariz, pero no buscan la perfecci\u00f3n. El candidato ideal no deber\u00eda esperar que la rinoplastia vaya a transformarlo en otra persona. Los mejores candidatos son personas emocionalmente maduras y felices con sus vidas, y simplemente est\u00e1n buscando en la rinoplastia un procedimiento para verse mejor.<\/p>\n<h2>Edad M\u00ednima para una Rinoplastia<\/h2>\n<p>Muchos j\u00f3venes consideran someterse a una rinoplastia; Sin embargo, el procedimiento debe esperar hasta despu\u00e9s del per\u00edodo de crecimiento de los adolescentes. Este per\u00edodo de crecimiento se produce normalmente desde las edades de 14 a 15 para las ni\u00f1as y un poco m\u00e1s para los ni\u00f1os. Siempre es preferible evitar una rinoplastia a muy temprana edad y se debe evaluar muy cuidadosamente cada caso. En este punto la decisi\u00f3n final la tendr\u00e1n los padres. <\/p>\n<h2>Procedimientos Adicionales<\/h2>\n<p>Algunas veces, al tratar un \u00e1rea, puede causar que la apariencia general cambie y no tenga el balance adecuado. Si se va a someter a procedimiento de rinoplastia, es posible que tambi\u00e9n deba considerar otros procedimientos faciales para lograr el equilibrio y la proporci\u00f3n. Por ejemplo, muchas veces el aumento del ment\u00f3n se realiza junto con la rinoplastia.<\/p>\n<p>Si decide someterse a otro procedimiento adicional m\u00e1s adelante, los dos procedimientos pueden ser m\u00e1s caros que si los realizara al mismo tiempo. Someterse a varios procedimientos es cada vez m\u00e1s popular. Actualmente los pacientes conversan con sus cirujanos para crear planes de tratamiento m\u00e1s amplios. Un cirujano calificado puede ayudarle a ahorrar tiempo y reducir el costo de una rinoplastia mediante la combinaci\u00f3n de otros tratamientos cuando sea apropiado. Siempre es importante recordar que dos procedimientos implican un riesgo mayor al que se tiene cuando se somete a un solo procedimiento. <\/p>\n<h2>Consultar con un Cirujano Plastico Calificado<\/h2>\n<p>La rinoplastia en Peru como en cualquier parte, requiere la pericia de un cirujano con experiencia y acreditaciones. La cirug\u00eda pl\u00e1stica es un procedimiento costoso, ya que la mayor\u00eda de los procedimientos no est\u00e1n cubiertos por el seguro m\u00e9dico. Por lo tanto, uno quisiera tener la confianza que los resultados sean positivos y que estos duraran de por vida.<\/p>\n<p>Si la rinoplastia o cirugia de nariz se hace correctamente puede tener un efecto profundo en la autoestima. Para asegurar los mejores resultados, aseg\u00farese de consultar con un cirujano plastico altamente calificado y de confianza.<\/p>\n","protected":false},"excerpt":{"rendered":"<p>El desarrollo de la rinoplastia o cirug\u00eda de nariz se produjo principalmente como una t\u00e9cnica de cirug\u00eda pl\u00e1stica para restaurar, a una forma proporcional, la nariz, o para corregir problemas de respiraci\u00f3n obstruida, sea debido a una lesi\u00f3n o a&hellip;<\/p>\n<p class=\"more-link-p\"><a class=\"more-link\" href=\"https:\/\/www.sociedadcirugiaplasticaperu.com\/rinoplastia\/buen-candidato-para-la-rinoplastia.htm\">Read more &rarr;<\/a><\/p>\n","protected":false},"author":2,"featured_media":0,"parent":0,"menu_order":4,"comment_status":"closed","ping_status":"open","template":"","meta":{"footnotes":""},"class_list":["post-34","page","type-page","status-publish","hentry"],"_links":{"self":[{"href":"https:\/\/www.sociedadcirugiaplasticaperu.com\/rinoplastia\/wp-json\/wp\/v2\/pages\/34","targetHints":{"allow":["GET"]}}],"collection":[{"href":"https:\/\/www.sociedadcirugiaplasticaperu.com\/rinoplastia\/wp-json\/wp\/v2\/pages"}],"about":[{"href":"https:\/\/www.sociedadcirugiaplasticaperu.com\/rinoplastia\/wp-json\/wp\/v2\/types\/page"}],"author":[{"embeddable":true,"href":"https:\/\/www.sociedadcirugiaplasticaperu.com\/rinoplastia\/wp-json\/wp\/v2\/users\/2"}],"replies":[{"embeddable":true,"href":"https:\/\/www.sociedadcirugiaplasticaperu.com\/rinoplastia\/wp-json\/wp\/v2\/comments?post=34"}],"version-history":[{"count":4,"href":"https:\/\/www.sociedadcirugiaplasticaperu.com\/rinoplastia\/wp-json\/wp\/v2\/pages\/34\/revisions"}],"predecessor-version":[{"id":41,"href":"https:\/\/www.sociedadcirugiaplasticaperu.com\/rinoplastia\/wp-json\/wp\/v2\/pages\/34\/revisions\/41"}],"wp:attachment":[{"href":"https:\/\/www.sociedadcirugiaplasticaperu.com\/rinoplastia\/wp-json\/wp\/v2\/media?parent=34"}],"curies":[{"name":"wp","href":"https:\/\/api.w.org\/{rel}","templated":true}]}}